{"id":15,"date":"2019-01-06T14:41:34","date_gmt":"2019-01-06T13:41:34","guid":{"rendered":"https:\/\/www.jrma-automation.be\/?page_id=15"},"modified":"2021-03-07T21:17:06","modified_gmt":"2021-03-07T20:17:06","slug":"nos-competences","status":"publish","type":"page","link":"https:\/\/www.jrma-automation.be\/fr\/nos-competences\/","title":{"rendered":"Nos comp\u00e9tences"},"content":{"rendered":"\n<div class=\"wp-block-image\"><figure class=\"alignright is-resized\"><img decoding=\"async\" loading=\"lazy\" src=\"https:\/\/www.jrma-automation.be\/wp-content\/uploads\/2019\/01\/JRMA-carre-1024x1024.jpg\" alt=\"\n\" class=\"wp-image-22\" width=\"253\" height=\"253\" srcset=\"https:\/\/www.jrma-automation.be\/wp-content\/uploads\/2019\/01\/JRMA-carre-1024x1024.jpg 1024w, https:\/\/www.jrma-automation.be\/wp-content\/uploads\/2019\/01\/JRMA-carre-150x150.jpg 150w, https:\/\/www.jrma-automation.be\/wp-content\/uploads\/2019\/01\/JRMA-carre-300x300.jpg 300w, https:\/\/www.jrma-automation.be\/wp-content\/uploads\/2019\/01\/JRMA-carre-768x768.jpg 768w, https:\/\/www.jrma-automation.be\/wp-content\/uploads\/2019\/01\/JRMA-carre-100x100.jpg 100w, https:\/\/www.jrma-automation.be\/wp-content\/uploads\/2019\/01\/JRMA-carre.jpg 2000w\" sizes=\"(max-width: 253px) 100vw, 253px\" \/><figcaption><strong>SERVICE, EFFICACITE, FIABILITE<\/strong><\/figcaption><\/figure><\/div>\n\n\n\n<p><\/p>\n\n\n\n<p><\/p>\n\n\n\n<p>JRMA Automation SPRL r\u00e9alise les services suivants:<\/p>\n\n\n\n<h2><strong>Tableau de commande industriel<\/strong> <\/h2>\n\n\n\n<p>Une de nos activit\u00e9 est la r\u00e9alisation de tableaux \u00e9lectriques avec ou sans automates. Ceci comprend notamment:<\/p>\n\n\n\n<ul><li>La mise \u00e0 jour et r\u00e9alisation de plans;<\/li><li>Les notes de calculs;<\/li><li>La fourniture de tous les composants, la construction et pose du coffret;<\/li><li>Le c\u00e2blage;<\/li><li>La mise en service;<\/li><li>L&rsquo; analyse fonctionnelle, analyse de risque;<\/li><li>La r\u00e9novation et remise en conformit\u00e9;<\/li><li>Le d\u00e9pannage;<\/li><li>La r\u00e9alisation du dossier technique.<\/li><\/ul>\n\n\n\n<ul class=\"is-layout-flex wp-block-gallery-1 wp-block-gallery columns-1 is-cropped\"><li class=\"blocks-gallery-item\"><figure><img decoding=\"async\" loading=\"lazy\" width=\"1024\" height=\"681\" src=\"https:\/\/www.jrma-automation.be\/wp-content\/uploads\/2021\/03\/DSC_0743-1024x681.jpg\" alt=\"\" data-id=\"313\" class=\"wp-image-313\" srcset=\"https:\/\/www.jrma-automation.be\/wp-content\/uploads\/2021\/03\/DSC_0743-1024x681.jpg 1024w, https:\/\/www.jrma-automation.be\/wp-content\/uploads\/2021\/03\/DSC_0743-300x199.jpg 300w, https:\/\/www.jrma-automation.be\/wp-content\/uploads\/2021\/03\/DSC_0743-768x511.jpg 768w\" sizes=\"(max-width: 767px) 89vw, (max-width: 1000px) 54vw, (max-width: 1071px) 543px, 580px\" \/><\/figure><\/li><li class=\"blocks-gallery-item\"><figure><img decoding=\"async\" loading=\"lazy\" width=\"1024\" height=\"681\" src=\"https:\/\/www.jrma-automation.be\/wp-content\/uploads\/2021\/03\/DSC_0730-1024x681.jpg\" alt=\"\" data-id=\"342\" data-link=\"https:\/\/www.jrma-automation.be\/fr\/?attachment_id=342\" class=\"wp-image-342\" srcset=\"https:\/\/www.jrma-automation.be\/wp-content\/uploads\/2021\/03\/DSC_0730-1024x681.jpg 1024w, https:\/\/www.jrma-automation.be\/wp-content\/uploads\/2021\/03\/DSC_0730-300x199.jpg 300w, https:\/\/www.jrma-automation.be\/wp-content\/uploads\/2021\/03\/DSC_0730-768x511.jpg 768w\" sizes=\"(max-width: 767px) 89vw, (max-width: 1000px) 54vw, (max-width: 1071px) 543px, 580px\" \/><\/figure><\/li><li class=\"blocks-gallery-item\"><figure><img decoding=\"async\" loading=\"lazy\" width=\"1024\" height=\"681\" src=\"https:\/\/www.jrma-automation.be\/wp-content\/uploads\/2021\/03\/DSC_0718-1024x681.jpg\" alt=\"\" data-id=\"343\" data-link=\"https:\/\/www.jrma-automation.be\/fr\/?attachment_id=343\" class=\"wp-image-343\" srcset=\"https:\/\/www.jrma-automation.be\/wp-content\/uploads\/2021\/03\/DSC_0718-1024x681.jpg 1024w, https:\/\/www.jrma-automation.be\/wp-content\/uploads\/2021\/03\/DSC_0718-300x199.jpg 300w, https:\/\/www.jrma-automation.be\/wp-content\/uploads\/2021\/03\/DSC_0718-768x511.jpg 768w\" sizes=\"(max-width: 767px) 89vw, (max-width: 1000px) 54vw, (max-width: 1071px) 543px, 580px\" \/><\/figure><\/li><li class=\"blocks-gallery-item\"><figure><img decoding=\"async\" loading=\"lazy\" width=\"1024\" height=\"681\" src=\"https:\/\/www.jrma-automation.be\/wp-content\/uploads\/2021\/03\/DSC_0647-1024x681.jpg\" alt=\"\" data-id=\"344\" data-link=\"https:\/\/www.jrma-automation.be\/fr\/?attachment_id=344\" class=\"wp-image-344\" srcset=\"https:\/\/www.jrma-automation.be\/wp-content\/uploads\/2021\/03\/DSC_0647-1024x681.jpg 1024w, https:\/\/www.jrma-automation.be\/wp-content\/uploads\/2021\/03\/DSC_0647-300x199.jpg 300w, https:\/\/www.jrma-automation.be\/wp-content\/uploads\/2021\/03\/DSC_0647-768x511.jpg 768w\" sizes=\"(max-width: 767px) 89vw, (max-width: 1000px) 54vw, (max-width: 1071px) 543px, 580px\" \/><\/figure><\/li><\/ul>\n\n\n\n<h2><strong>Le retrofit de machines automatis\u00e9es et nouvelles installations.<\/strong><\/h2>\n\n\n\n<p>Nos comp\u00e9tences nous permettent de remettre en conformit\u00e9 l&rsquo;enti\u00e8ret\u00e9 des installations industrielles qui en ont besoin ou de cr\u00e9er de nouveaux \u00e9quipements apr\u00e8s avoir \u00e9tudi\u00e9 et analys\u00e9 avec nos clients la mani\u00e8re la plus ad\u00e9quate et la plus \u00e9conomique de proc\u00e9der. Nous assurons donc:<\/p>\n\n\n\n<ul><li> Le d\u00e9veloppement de programme d&rsquo;automate, de syst\u00e8mes de supervision;<\/li><li>Le param\u00e9trage de machines CNC;<\/li><li>La s\u00e9curisation;<\/li><li>Le rec\u00e2blage;<\/li><li>L&rsquo;augmentation de la productivit\u00e9; <\/li><li>La fiabilisation;<\/li><li>La fourniture et installation des composants;<\/li><li>La mise en service;<\/li><li>La mise en place des r\u00e9seaux de communications industriels; <\/li><li>Le chargement et test des programmes automates;<\/li><li>Le param\u00e9trage des variateurs, r\u00e9glage des boucles d&rsquo;asservissement et le contr\u00f4le de mouvement.<\/li><\/ul>\n\n\n\n<ul class=\"is-layout-flex wp-block-gallery-3 wp-block-gallery columns-2 is-cropped\"><li class=\"blocks-gallery-item\"><figure><img decoding=\"async\" loading=\"lazy\" width=\"1024\" height=\"768\" src=\"https:\/\/www.jrma-automation.be\/wp-content\/uploads\/2021\/03\/84585303_1040521352995359_1565457202196512768_n-1-1024x768.jpg\" alt=\"\" data-id=\"347\" data-link=\"https:\/\/www.jrma-automation.be\/fr\/?attachment_id=347\" class=\"wp-image-347\" srcset=\"https:\/\/www.jrma-automation.be\/wp-content\/uploads\/2021\/03\/84585303_1040521352995359_1565457202196512768_n-1-1024x768.jpg 1024w, https:\/\/www.jrma-automation.be\/wp-content\/uploads\/2021\/03\/84585303_1040521352995359_1565457202196512768_n-1-300x225.jpg 300w, https:\/\/www.jrma-automation.be\/wp-content\/uploads\/2021\/03\/84585303_1040521352995359_1565457202196512768_n-1-768x576.jpg 768w, https:\/\/www.jrma-automation.be\/wp-content\/uploads\/2021\/03\/84585303_1040521352995359_1565457202196512768_n-1.jpg 2048w\" sizes=\"(max-width: 767px) 89vw, (max-width: 1000px) 54vw, (max-width: 1071px) 543px, 580px\" \/><figcaption>Potence<\/figcaption><\/figure><\/li><li class=\"blocks-gallery-item\"><figure><img decoding=\"async\" loading=\"lazy\" width=\"999\" height=\"700\" src=\"https:\/\/www.jrma-automation.be\/wp-content\/uploads\/2021\/03\/Ecran-Siemens.png\" alt=\"\" data-id=\"349\" data-link=\"https:\/\/www.jrma-automation.be\/fr\/?attachment_id=349\" class=\"wp-image-349\" srcset=\"https:\/\/www.jrma-automation.be\/wp-content\/uploads\/2021\/03\/Ecran-Siemens.png 999w, https:\/\/www.jrma-automation.be\/wp-content\/uploads\/2021\/03\/Ecran-Siemens-300x210.png 300w, https:\/\/www.jrma-automation.be\/wp-content\/uploads\/2021\/03\/Ecran-Siemens-768x538.png 768w\" sizes=\"(max-width: 767px) 89vw, (max-width: 1000px) 54vw, (max-width: 1071px) 543px, 580px\" \/><figcaption>station d&rsquo;\u00e9puration<\/figcaption><\/figure><\/li><li class=\"blocks-gallery-item\"><figure><img decoding=\"async\" loading=\"lazy\" width=\"482\" height=\"385\" src=\"https:\/\/www.jrma-automation.be\/wp-content\/uploads\/2021\/03\/ecran-escalier-aeroport.jpg\" alt=\"\" data-id=\"350\" data-link=\"https:\/\/www.jrma-automation.be\/fr\/?attachment_id=350\" class=\"wp-image-350\" srcset=\"https:\/\/www.jrma-automation.be\/wp-content\/uploads\/2021\/03\/ecran-escalier-aeroport.jpg 482w, https:\/\/www.jrma-automation.be\/wp-content\/uploads\/2021\/03\/ecran-escalier-aeroport-300x240.jpg 300w\" sizes=\"(max-width: 482px) 100vw, 482px\" \/><figcaption>Retrofit d&rsquo;un escalier a\u00e9roportuaire<\/figcaption><\/figure><\/li><\/ul>\n\n\n\n<ul class=\"is-layout-flex wp-block-gallery-5 wp-block-gallery columns-2 is-cropped\"><li class=\"blocks-gallery-item\"><figure><img decoding=\"async\" loading=\"lazy\" width=\"1024\" height=\"681\" src=\"https:\/\/www.jrma-automation.be\/wp-content\/uploads\/2021\/03\/DSC_0767-1024x681.jpg\" alt=\"\" data-id=\"337\" class=\"wp-image-337\" srcset=\"https:\/\/www.jrma-automation.be\/wp-content\/uploads\/2021\/03\/DSC_0767-1024x681.jpg 1024w, https:\/\/www.jrma-automation.be\/wp-content\/uploads\/2021\/03\/DSC_0767-300x199.jpg 300w, https:\/\/www.jrma-automation.be\/wp-content\/uploads\/2021\/03\/DSC_0767-768x511.jpg 768w\" sizes=\"(max-width: 767px) 89vw, (max-width: 1000px) 54vw, (max-width: 1071px) 543px, 580px\" \/><figcaption>syst\u00e8me de contr\u00f4le pour une unit\u00e9 de stockage d&rsquo;azote<\/figcaption><\/figure><\/li><li class=\"blocks-gallery-item\"><figure><img decoding=\"async\" loading=\"lazy\" width=\"1024\" height=\"681\" src=\"https:\/\/www.jrma-automation.be\/wp-content\/uploads\/2021\/03\/DSC_0747-1024x681.jpg\" alt=\"\" data-id=\"338\" data-link=\"https:\/\/www.jrma-automation.be\/fr\/?attachment_id=338\" class=\"wp-image-338\" srcset=\"https:\/\/www.jrma-automation.be\/wp-content\/uploads\/2021\/03\/DSC_0747-1024x681.jpg 1024w, https:\/\/www.jrma-automation.be\/wp-content\/uploads\/2021\/03\/DSC_0747-300x199.jpg 300w, https:\/\/www.jrma-automation.be\/wp-content\/uploads\/2021\/03\/DSC_0747-768x511.jpg 768w\" sizes=\"(max-width: 767px) 89vw, (max-width: 1000px) 54vw, (max-width: 1071px) 543px, 580px\" \/><\/figure><\/li><li class=\"blocks-gallery-item\"><figure><img decoding=\"async\" loading=\"lazy\" width=\"1024\" height=\"681\" src=\"https:\/\/www.jrma-automation.be\/wp-content\/uploads\/2021\/03\/DSC_0752-1024x681.jpg\" alt=\"\" data-id=\"339\" data-link=\"https:\/\/www.jrma-automation.be\/fr\/?attachment_id=339\" class=\"wp-image-339\" srcset=\"https:\/\/www.jrma-automation.be\/wp-content\/uploads\/2021\/03\/DSC_0752-1024x681.jpg 1024w, https:\/\/www.jrma-automation.be\/wp-content\/uploads\/2021\/03\/DSC_0752-300x199.jpg 300w, https:\/\/www.jrma-automation.be\/wp-content\/uploads\/2021\/03\/DSC_0752-768x511.jpg 768w\" sizes=\"(max-width: 767px) 89vw, (max-width: 1000px) 54vw, (max-width: 1071px) 543px, 580px\" \/><\/figure><\/li><li class=\"blocks-gallery-item\"><figure><img decoding=\"async\" loading=\"lazy\" width=\"1024\" height=\"681\" src=\"https:\/\/www.jrma-automation.be\/wp-content\/uploads\/2021\/03\/DSC_0756-1024x681.jpg\" alt=\"\" data-id=\"340\" data-link=\"https:\/\/www.jrma-automation.be\/fr\/?attachment_id=340\" class=\"wp-image-340\" srcset=\"https:\/\/www.jrma-automation.be\/wp-content\/uploads\/2021\/03\/DSC_0756-1024x681.jpg 1024w, https:\/\/www.jrma-automation.be\/wp-content\/uploads\/2021\/03\/DSC_0756-300x199.jpg 300w, https:\/\/www.jrma-automation.be\/wp-content\/uploads\/2021\/03\/DSC_0756-768x511.jpg 768w\" sizes=\"(max-width: 767px) 89vw, (max-width: 1000px) 54vw, (max-width: 1071px) 543px, 580px\" \/><\/figure><\/li><li class=\"blocks-gallery-item\"><figure><img decoding=\"async\" loading=\"lazy\" width=\"1024\" height=\"681\" src=\"https:\/\/www.jrma-automation.be\/wp-content\/uploads\/2021\/03\/DSC_0759-1024x681.jpg\" alt=\"\" data-id=\"341\" data-link=\"https:\/\/www.jrma-automation.be\/fr\/?attachment_id=341\" class=\"wp-image-341\" srcset=\"https:\/\/www.jrma-automation.be\/wp-content\/uploads\/2021\/03\/DSC_0759-1024x681.jpg 1024w, https:\/\/www.jrma-automation.be\/wp-content\/uploads\/2021\/03\/DSC_0759-300x199.jpg 300w, https:\/\/www.jrma-automation.be\/wp-content\/uploads\/2021\/03\/DSC_0759-768x511.jpg 768w\" sizes=\"(max-width: 767px) 89vw, (max-width: 1000px) 54vw, (max-width: 1071px) 543px, 580px\" \/><\/figure><\/li><\/ul>\n\n\n\n<h2><strong>La s\u00e9curisation<\/strong><\/h2>\n\n\n\n<p>L&rsquo;un de nos point fort est la mise en conformit\u00e9 de machine afin de r\u00e9pondre au niveau de performance requis par les analyses de risque. <\/p>\n\n\n\n<p>Il s&rsquo;agit donc d&rsquo;installer des dispositifs de s\u00e9curit\u00e9 \u00e9lectriques (contr\u00f4le d&rsquo;acc\u00e8s en zone dangereuse), des  protections m\u00e9caniques des organes en mouvement et d&rsquo;utiliser la technologie de d\u00e9tection d&rsquo;obstacles gr\u00e2ce \u00e0 la vision 3D. <\/p>\n\n\n\n<p><\/p>\n\n\n\n<p><\/p>\n\n\n\n<h2><strong>Les d\u00e9pannages<\/strong><\/h2>\n\n\n\n<p>C&rsquo;est gr\u00e2ce \u00e0 la compr\u00e9hension pr\u00e9cise de chaque syst\u00e8me automatis\u00e9 et \u00e0 notre flexibilit\u00e9 que nous sommes capables de d\u00e9panner rapidement toutes les installations automatis\u00e9es comprenant des PLC, des drives et des entrainements hydrauliques, \u00e9lectriques et pneumatiques.  <\/p>\n\n\n\n<p>Nos v\u00e9hicules sont \u00e9quip\u00e9s d&rsquo;une large gamme de composants permettant de d\u00e9panner la plupart des installations. <\/p>\n\n\n\n<p>Lorsque la panne est diagnostiqu\u00e9e, nous nous d\u00e9marquons par notre r\u00e9activit\u00e9 quand \u00e0 la recherche de solutions temporaires mais s\u00fbres que nous normalisons dans les plus brefs d\u00e9lais apr\u00e8s la recherche et la r\u00e9ception de mat\u00e9riel appropri\u00e9 et de qualit\u00e9. <\/p>\n\n\n\n<p style=\"text-align:right\"> <\/p>\n\n\n\n<p><\/p>\n","protected":false},"excerpt":{"rendered":"<p>JRMA Automation SPRL r\u00e9alise les services suivants: Tableau de commande industriel Une de nos activit\u00e9 est la r\u00e9alisation de tableaux \u00e9lectriques avec ou sans automates. Ceci comprend notamment: La mise \u00e0 jour et r\u00e9alisation de plans; Les notes de calculs; La fourniture de tous les composants, la construction et pose du coffret; Le c\u00e2blage; La &hellip; <\/p>\n<p class=\"link-more\"><a href=\"https:\/\/www.jrma-automation.be\/fr\/nos-competences\/\" class=\"more-link\">Continuer la lecture<span class=\"screen-reader-text\"> de &laquo;&nbsp;Nos comp\u00e9tences&nbsp;&raquo;<\/span><\/a><\/p>\n","protected":false},"author":1,"featured_media":43,"parent":0,"menu_order":0,"comment_status":"closed","ping_status":"closed","template":"","meta":[],"_links":{"self":[{"href":"https:\/\/www.jrma-automation.be\/fr\/wp-json\/wp\/v2\/pages\/15"}],"collection":[{"href":"https:\/\/www.jrma-automation.be\/fr\/wp-json\/wp\/v2\/pages"}],"about":[{"href":"https:\/\/www.jrma-automation.be\/fr\/wp-json\/wp\/v2\/types\/page"}],"author":[{"embeddable":true,"href":"https:\/\/www.jrma-automation.be\/fr\/wp-json\/wp\/v2\/users\/1"}],"replies":[{"embeddable":true,"href":"https:\/\/www.jrma-automation.be\/fr\/wp-json\/wp\/v2\/comments?post=15"}],"version-history":[{"count":28,"href":"https:\/\/www.jrma-automation.be\/fr\/wp-json\/wp\/v2\/pages\/15\/revisions"}],"predecessor-version":[{"id":425,"href":"https:\/\/www.jrma-automation.be\/fr\/wp-json\/wp\/v2\/pages\/15\/revisions\/425"}],"wp:featuredmedia":[{"embeddable":true,"href":"https:\/\/www.jrma-automation.be\/fr\/wp-json\/wp\/v2\/media\/43"}],"wp:attachment":[{"href":"https:\/\/www.jrma-automation.be\/fr\/wp-json\/wp\/v2\/media?parent=15"}],"curies":[{"name":"wp","href":"https:\/\/api.w.org\/{rel}","templated":true}]}}