{"id":14,"date":"2019-01-06T14:41:34","date_gmt":"2019-01-06T13:41:34","guid":{"rendered":"https:\/\/www.jrma-automation.be\/?page_id=14"},"modified":"2023-09-04T13:59:44","modified_gmt":"2023-09-04T11:59:44","slug":"accueil","status":"publish","type":"page","link":"https:\/\/www.jrma-automation.be\/fr\/","title":{"rendered":"Qui sommes-nous?"},"content":{"rendered":"<p><strong><span style=\"color: #ff9900;\">JRMA Automation<\/span><\/strong> est une entreprise toute r\u00e9cente qui a d\u00e9marr\u00e9 en \u00e9t\u00e9 2016 en activit\u00e9 compl\u00e9mentaire pour finalement se lancer \u00e0 temps plein en septembre 2018.<\/p>\n<p>Notre entreprise en pleine croissance se consacre essentiellement \u00e0 tous les travaux sur les <strong>syst\u00e8mes automatis\u00e9s fixes ou mobiles<\/strong> allant de la simple fourniture en mat\u00e9riel industriel jusqu&rsquo;\u00e0 la programmation et mises en service d&rsquo;installations industrielles&nbsp; aussi complexes soient-elles.&nbsp;<\/p>\n<p>Notre \u00e9quipe automatise en outre les fonctions sur tous types de v\u00e9hicules mobiles et assure la <strong>programmation de machines outils \u00e0 contr\u00f4le num\u00e9rique.<\/strong><\/p>\n<p>Nous r\u00e9alisons, avec l&rsquo;aide de nos partenaires, des <strong>installations \u00e9lectriques automatis\u00e9es complexes comprenant de l&rsquo;hydraulique, de la pneumatique et de la construction m\u00e9tallique<\/strong>.<\/p>\n<p>JRMA assure \u00e9galement un service de <strong>d\u00e9pannage<\/strong> de qualit\u00e9, dans les plus brefs d\u00e9lais, fiable et \u00e9conomiquement la plus avantageuse possible.&nbsp;<\/p>\n<p>Enfin nous nous sp\u00e9cialisons dans le <strong>r\u00e9trofit<\/strong> et la <strong>s\u00e9curisation<\/strong> de toutes les installations automatis\u00e9es gr\u00e2ce \u00e0 des technologies de pointe.<\/p>\n<p>C&rsquo;est en restant \u00e0 l&rsquo;\u00e9coute de nos clients que nous r\u00e9alisons nos diff\u00e9rentes activit\u00e9s de mani\u00e8re \u00e0 trouver des solutions durables dans le respect des normes requises et les plus avantageuses \u00e9conomiquement.&nbsp;<\/p>\n\n<div class=\"wp-block-image\">\n<figure class=\"alignright is-resized\"><img decoding=\"async\" loading=\"lazy\" src=\"https:\/\/www.jrma-automation.be\/wp-content\/uploads\/2019\/01\/JRMA-carre-1024x1024.jpg\" alt=\"\" class=\"wp-image-22\" width=\"212\" height=\"212\" srcset=\"https:\/\/www.jrma-automation.be\/wp-content\/uploads\/2019\/01\/JRMA-carre-1024x1024.jpg 1024w, https:\/\/www.jrma-automation.be\/wp-content\/uploads\/2019\/01\/JRMA-carre-150x150.jpg 150w, https:\/\/www.jrma-automation.be\/wp-content\/uploads\/2019\/01\/JRMA-carre-300x300.jpg 300w, https:\/\/www.jrma-automation.be\/wp-content\/uploads\/2019\/01\/JRMA-carre-768x768.jpg 768w, https:\/\/www.jrma-automation.be\/wp-content\/uploads\/2019\/01\/JRMA-carre-100x100.jpg 100w, https:\/\/www.jrma-automation.be\/wp-content\/uploads\/2019\/01\/JRMA-carre.jpg 2000w\" sizes=\"(max-width: 212px) 100vw, 212px\" \/><figcaption class=\"wp-element-caption\"><strong>SERVICE, EFFICACITE, FIABILITE<\/strong><\/figcaption><\/figure><\/div>\n\n\n<h2>Nos partenaires<\/h2>\n\n\n\n<p><\/p>\n\n\n\n<figure class=\"is-layout-flex wp-block-gallery-1 wp-block-gallery aligncenter has-nested-images columns-2\">\n<figure class=\"wp-block-image\"><img decoding=\"async\" loading=\"lazy\" width=\"829\" height=\"339\" data-id=\"268\"  src=\"https:\/\/www.jrma-automation.be\/wp-content\/uploads\/2019\/02\/Bosch-rex.png\" alt=\"\" class=\"wp-image-268\" srcset=\"https:\/\/www.jrma-automation.be\/wp-content\/uploads\/2019\/02\/Bosch-rex.png 829w, https:\/\/www.jrma-automation.be\/wp-content\/uploads\/2019\/02\/Bosch-rex-300x123.png 300w, https:\/\/www.jrma-automation.be\/wp-content\/uploads\/2019\/02\/Bosch-rex-768x314.png 768w\" sizes=\"(max-width: 767px) 89vw, (max-width: 1000px) 54vw, (max-width: 1071px) 543px, 580px\" \/><\/figure>\n\n\n\n<figure class=\"wp-block-image\"><img decoding=\"async\" loading=\"lazy\" width=\"194\" height=\"109\" data-id=\"269\"  src=\"https:\/\/www.jrma-automation.be\/wp-content\/uploads\/2019\/02\/BV.png\" alt=\"\" class=\"wp-image-269\"\/><\/figure>\n\n\n\n<figure class=\"wp-block-image\"><img decoding=\"async\" loading=\"lazy\" width=\"83\" height=\"85\" data-id=\"272\"  src=\"https:\/\/www.jrma-automation.be\/wp-content\/uploads\/2019\/02\/Ifm.png\" alt=\"\" class=\"wp-image-272\"\/><\/figure>\n\n\n\n<figure class=\"wp-block-image\"><img decoding=\"async\" loading=\"lazy\" width=\"205\" height=\"129\" data-id=\"276\"  src=\"https:\/\/www.jrma-automation.be\/wp-content\/uploads\/2019\/02\/VDP.png\" alt=\"\" class=\"wp-image-276\"\/><\/figure>\n\n\n\n<figure class=\"wp-block-image\"><img decoding=\"async\" loading=\"lazy\" width=\"109\" height=\"111\" data-id=\"354\"  src=\"https:\/\/www.jrma-automation.be\/wp-content\/uploads\/2021\/03\/ohis-logo-1.png\" alt=\"\" class=\"wp-image-354\"\/><\/figure>\n\n\n\n<figure class=\"wp-block-image\"><img decoding=\"async\" loading=\"lazy\" width=\"359\" height=\"46\" data-id=\"355\"  src=\"https:\/\/www.jrma-automation.be\/wp-content\/uploads\/2021\/03\/coessens-machinery.png\" alt=\"\" class=\"wp-image-355\" srcset=\"https:\/\/www.jrma-automation.be\/wp-content\/uploads\/2021\/03\/coessens-machinery.png 359w, https:\/\/www.jrma-automation.be\/wp-content\/uploads\/2021\/03\/coessens-machinery-300x38.png 300w\" sizes=\"(max-width: 359px) 100vw, 359px\" \/><\/figure>\n\n\n\n<figure class=\"wp-block-image\"><img decoding=\"async\" loading=\"lazy\" width=\"248\" height=\"145\" data-id=\"356\"  src=\"https:\/\/www.jrma-automation.be\/wp-content\/uploads\/2021\/03\/AHP.png\" alt=\"\" class=\"wp-image-356\"\/><\/figure>\n\n\n\n<figure class=\"wp-block-image\"><img decoding=\"async\" loading=\"lazy\" width=\"670\" height=\"281\" data-id=\"374\"  src=\"https:\/\/www.jrma-automation.be\/wp-content\/uploads\/2021\/03\/logo-002.png\" alt=\"\" class=\"wp-image-374\" srcset=\"https:\/\/www.jrma-automation.be\/wp-content\/uploads\/2021\/03\/logo-002.png 670w, https:\/\/www.jrma-automation.be\/wp-content\/uploads\/2021\/03\/logo-002-300x126.png 300w\" sizes=\"(max-width: 670px) 100vw, 670px\" \/><\/figure>\n<\/figure>\n","protected":false},"excerpt":{"rendered":"<p>JRMA Automation est une entreprise toute r\u00e9cente qui a d\u00e9marr\u00e9 en \u00e9t\u00e9 2016 en activit\u00e9 compl\u00e9mentaire pour finalement se lancer \u00e0 temps plein en septembre 2018. Notre entreprise en pleine croissance se consacre essentiellement \u00e0 tous les travaux sur les syst\u00e8mes automatis\u00e9s fixes ou mobiles allant de la simple fourniture en mat\u00e9riel industriel jusqu&rsquo;\u00e0 la &hellip; <\/p>\n<p class=\"link-more\"><a href=\"https:\/\/www.jrma-automation.be\/fr\/\" class=\"more-link\">Continuer la lecture<span class=\"screen-reader-text\"> de &laquo;&nbsp;Qui sommes-nous?&nbsp;&raquo;<\/span><\/a><\/p>\n","protected":false},"author":1,"featured_media":450,"parent":0,"menu_order":0,"comment_status":"closed","ping_status":"closed","template":"","meta":[],"_links":{"self":[{"href":"https:\/\/www.jrma-automation.be\/fr\/wp-json\/wp\/v2\/pages\/14"}],"collection":[{"href":"https:\/\/www.jrma-automation.be\/fr\/wp-json\/wp\/v2\/pages"}],"about":[{"href":"https:\/\/www.jrma-automation.be\/fr\/wp-json\/wp\/v2\/types\/page"}],"author":[{"embeddable":true,"href":"https:\/\/www.jrma-automation.be\/fr\/wp-json\/wp\/v2\/users\/1"}],"replies":[{"embeddable":true,"href":"https:\/\/www.jrma-automation.be\/fr\/wp-json\/wp\/v2\/comments?post=14"}],"version-history":[{"count":29,"href":"https:\/\/www.jrma-automation.be\/fr\/wp-json\/wp\/v2\/pages\/14\/revisions"}],"predecessor-version":[{"id":448,"href":"https:\/\/www.jrma-automation.be\/fr\/wp-json\/wp\/v2\/pages\/14\/revisions\/448"}],"wp:featuredmedia":[{"embeddable":true,"href":"https:\/\/www.jrma-automation.be\/fr\/wp-json\/wp\/v2\/media\/450"}],"wp:attachment":[{"href":"https:\/\/www.jrma-automation.be\/fr\/wp-json\/wp\/v2\/media?parent=14"}],"curies":[{"name":"wp","href":"https:\/\/api.w.org\/{rel}","templated":true}]}}